{"id":59925,"date":"2019-04-10T20:15:45","date_gmt":"2019-04-10T17:15:45","guid":{"rendered":"http:\/\/tondirabaicehall.ee\/peaareeni-uurileping\/"},"modified":"2023-11-20T17:32:59","modified_gmt":"2023-11-20T15:32:59","slug":"%d0%b4%d0%be%d0%b3%d0%be%d0%b2%d0%be%d1%80-%d0%b0%d1%80%d0%b5%d0%bd%d0%b4%d1%8b-%d0%b3%d0%bb%d0%b0%d0%b2%d0%bd%d0%be%d0%b9-%d0%b0%d1%80%d0%b5%d0%bd%d1%8b","status":"publish","type":"page","link":"https:\/\/tondirabaicehall.ee\/ru\/%d0%be%d1%80%d0%b3%d0%b0%d0%bd%d0%b8%d0%b7%d0%b0%d1%82%d0%be%d1%80%d0%b0%d0%bc\/%d1%82%d0%b5%d1%85%d0%bd%d0%b8%d1%87%d0%b5%d1%81%d0%ba%d0%b0%d1%8f-%d0%b8%d0%bd%d1%84%d0%be%d1%80%d0%bc%d0%b0%d1%86%d0%b8%d1%8f\/%d0%b4%d0%be%d0%b3%d0%be%d0%b2%d0%be%d1%80-%d0%b0%d1%80%d0%b5%d0%bd%d0%b4%d1%8b-%d0%b3%d0%bb%d0%b0%d0%b2%d0%bd%d0%be%d0%b9-%d0%b0%d1%80%d0%b5%d0%bd%d1%8b\/","title":{"rendered":"\u0414\u043e\u0433\u043e\u0432\u043e\u0440 \u0430\u0440\u0435\u043d\u0434\u044b \u0413\u043b\u0430\u0432\u043d\u043e\u0439 \u0430\u0440\u0435\u043d\u044b"},"content":{"rendered":"\n<p>\u0411\u0440\u043e\u043d\u0438\u0440\u043e\u0432\u0430\u043d\u0438\u0435 \u0413\u043b\u0430\u0432\u043d\u043e\u0439 \u0430\u0440\u0435\u043d\u044b \u0441\u043e\u0445\u0440\u0430\u043d\u044f\u0435\u0442\u0441\u044f \u0434\u043b\u044f \u043a\u043b\u0438\u0435\u043d\u0442\u0430 \u0432 \u0442\u0435\u0447\u0435\u043d\u0438\u0435 <strong>14 \u043a\u0430\u043b\u0435\u043d\u0434\u0430\u0440\u043d\u044b\u0445 \u0434\u043d\u0435\u0439<\/strong> \u0441\u043e \u0434\u043d\u044f \u043e\u0444\u043e\u0440\u043c\u043b\u0435\u043d\u0438\u044f \u0431\u0440\u043e\u043d\u0438\u0440\u043e\u0432\u0430\u043d\u0438\u044f. \u0415\u0441\u043b\u0438 \u0437\u0430 \u044d\u0442\u043e\u0442 \u043f\u0435\u0440\u0438\u043e\u0434 \u0441\u0442\u043e\u0440\u043e\u043d\u044b \u043d\u0435 \u0437\u0430\u043a\u043b\u044e\u0447\u0430\u0442 \u0434\u043e\u0433\u043e\u0432\u043e\u0440\u0430, \u0431\u0440\u043e\u043d\u0438\u0440\u043e\u0432\u0430\u043d\u0438\u0435 \u0431\u0443\u0434\u0435\u0442 \u043e\u0442\u043c\u0435\u043d\u0435\u043d\u043e.<br> \u041f\u0440\u043e\u0434\u0430\u0436\u0430 \u0431\u0438\u043b\u0435\u0442\u043e\u0432 \u043d\u0430\u0447\u0438\u043d\u0430\u0435\u0442\u0441\u044f, \u0435\u0441\u043b\u0438 \u043a\u043b\u0438\u0435\u043d\u0442 \u0437\u0430\u043f\u043b\u0430\u0442\u0438\u043b \u043f\u043b\u0430\u0442\u0443 \u0437\u0430 \u0431\u0440\u043e\u043d\u0438\u0440\u043e\u0432\u0430\u043d\u0438\u0435 \u0438 \u043b\u0438\u0441\u0442 \u0437\u0430\u043a\u0430\u0437\u0430 \u0443\u0442\u0432\u0435\u0440\u0436\u0434\u0435\u043d \u0441\u043f\u043e\u0440\u0442\u0438\u0432\u043d\u044b\u043c \u0446\u0435\u043d\u0442\u0440\u043e\u043c \u0422\u043e\u043d\u0434\u0438\u0440\u0430\u0431\u0430.<\/p>\n\n\n\n<p>\u041f\u0440\u043e\u0441\u0438\u043c \u0443\u0447\u0438\u0442\u044b\u0432\u0430\u0442\u044c, \u0447\u0442\u043e \u043f\u0440\u043e\u0446\u0435\u0441\u0441 \u0441\u043e\u0441\u0442\u0430\u0432\u043b\u0435\u043d\u0438\u044f \u0434\u043e\u0433\u043e\u0432\u043e\u0440\u0430 \u0430\u0440\u0435\u043d\u0434\u044b, \u043d\u0430\u0447\u0438\u043d\u0430\u044f \u0441 \u0435\u0433\u043e \u0440\u0430\u0441\u0441\u043c\u043e\u0442\u0440\u0435\u043d\u0438\u044f \u0438 \u0441\u043e\u0433\u043b\u0430\u0441\u043e\u0432\u0430\u043d\u0438\u044f \u043c\u0435\u0436\u0434\u0443 \u0441\u0442\u043e\u0440\u043e\u043d\u0430\u043c\u0438 \u0438 \u0437\u0430\u043a\u0430\u043d\u0447\u0438\u0432\u0430\u044f \u043f\u043e\u0434\u043f\u0438\u0441\u0430\u043d\u0438\u0435\u043c \u0434\u043e\u0433\u043e\u0432\u043e\u0440\u0430, \u0437\u0430\u043d\u0438\u043c\u0430\u0435\u0442 \u043d\u0435 \u043c\u0435\u043d\u0435\u0435 <strong>5\u20137 \u0440\u0430\u0431\u043e\u0447\u0438\u0445 \u0434\u043d\u0435\u0439<\/strong>, \u0430 \u0432\u044b\u0441\u0442\u0430\u0432\u043b\u0435\u043d\u0438\u0435 \u0441\u0447\u0435\u0442\u0430-\u0444\u0430\u043a\u0442\u0443\u0440\u044b \u043f\u043e \u043f\u043b\u0430\u0442\u0435 \u0437\u0430 \u0431\u0440\u043e\u043d\u0438\u0440\u043e\u0432\u0430\u043d\u0438\u0435 \u2013&nbsp;<strong>\u043e\u0442 3 \u0434\u043e 5 \u0440\u0430\u0431\u043e\u0447\u0438\u0445 \u0434\u043d\u0435\u0439<\/strong>.<\/p>\n\n\n\n<p><a href=\"https:\/\/tondirabaicehall.ee\/wp-content\/uploads\/2019\/05\/Ruumide-u\u00a8u\u00a8rileping-eritingimused-.doc\">Ruumide \u00fc\u00fcrileping eritingimused<\/a><br><a rel=\"noreferrer noopener\" aria-label=\" (opens in a new tab)\" href=\"https:\/\/tondirabaicehall.ee\/wp-content\/uploads\/2019\/04\/Ruumide_uleandmise_vastuvotmise_akt.doc\" target=\"_blank\">Ruumide \u00fcleandmise-vastuv\u00f5tmise akt<\/a><br><a href=\"https:\/\/tondirabaicehall.ee\/wp-content\/uploads\/2023\/11\/U\u00a8ldtingimused_Tondiraba_20.11.23_OK.docx\" data-type=\"link\" data-id=\"https:\/\/tondirabaicehall.ee\/wp-content\/uploads\/2023\/11\/U\u00a8ldtingimused_Tondiraba_20.11.23_OK.docx\">Tondiraba Spordikeskuse ruumide \u00fc\u00fcrileping \u00fcldtingimused<\/a><\/p>\n","protected":false},"excerpt":{"rendered":"<p>\u0411\u0440\u043e\u043d\u0438\u0440\u043e\u0432\u0430\u043d\u0438\u0435 \u0413\u043b\u0430\u0432\u043d\u043e\u0439 \u0430\u0440\u0435\u043d\u044b \u0441\u043e\u0445\u0440\u0430\u043d\u044f\u0435\u0442\u0441\u044f \u0434\u043b\u044f \u043a\u043b\u0438\u0435\u043d\u0442\u0430 \u0432 \u0442\u0435\u0447\u0435\u043d\u0438\u0435 14 \u043a\u0430\u043b\u0435\u043d\u0434\u0430\u0440\u043d\u044b\u0445 \u0434\u043d\u0435\u0439 \u0441\u043e \u0434\u043d\u044f \u043e\u0444\u043e\u0440\u043c\u043b\u0435\u043d\u0438\u044f \u0431\u0440\u043e\u043d\u0438\u0440\u043e\u0432\u0430\u043d\u0438\u044f. \u0415\u0441\u043b\u0438 \u0437\u0430 \u044d\u0442\u043e\u0442 \u043f\u0435\u0440\u0438\u043e\u0434 \u0441\u0442\u043e\u0440\u043e\u043d\u044b&#8230;<\/p>\n","protected":false},"author":1,"featured_media":0,"parent":59937,"menu_order":160,"comment_status":"closed","ping_status":"closed","template":"","meta":{"_acf_changed":false,"inline_featured_image":false,"footnotes":"","_links_to":"","_links_to_target":""},"class_list":["post-59925","page","type-page","status-publish","hentry"],"acf":[],"_links":{"self":[{"href":"https:\/\/tondirabaicehall.ee\/ru\/wp-json\/wp\/v2\/pages\/59925","targetHints":{"allow":["GET"]}}],"collection":[{"href":"https:\/\/tondirabaicehall.ee\/ru\/wp-json\/wp\/v2\/pages"}],"about":[{"href":"https:\/\/tondirabaicehall.ee\/ru\/wp-json\/wp\/v2\/types\/page"}],"author":[{"embeddable":true,"href":"https:\/\/tondirabaicehall.ee\/ru\/wp-json\/wp\/v2\/users\/1"}],"replies":[{"embeddable":true,"href":"https:\/\/tondirabaicehall.ee\/ru\/wp-json\/wp\/v2\/comments?post=59925"}],"version-history":[{"count":0,"href":"https:\/\/tondirabaicehall.ee\/ru\/wp-json\/wp\/v2\/pages\/59925\/revisions"}],"up":[{"embeddable":true,"href":"https:\/\/tondirabaicehall.ee\/ru\/wp-json\/wp\/v2\/pages\/59937"}],"wp:attachment":[{"href":"https:\/\/tondirabaicehall.ee\/ru\/wp-json\/wp\/v2\/media?parent=59925"}],"curies":[{"name":"wp","href":"https:\/\/api.w.org\/{rel}","templated":true}]}}