{"id":2659,"date":"2019-04-05T13:32:20","date_gmt":"2019-04-05T10:32:20","guid":{"rendered":"http:\/\/tondirabaicehall.ee\/hall-1-ja-hall\/"},"modified":"2020-05-06T09:26:39","modified_gmt":"2020-05-06T06:26:39","slug":"%d0%b7%d0%b0%d0%bb-1-%d0%b7%d0%b0%d0%bb-2","status":"publish","type":"page","link":"https:\/\/tondirabaicehall.ee\/ru\/%d0%be%d1%80%d0%b3%d0%b0%d0%bd%d0%b8%d0%b7%d0%b0%d1%82%d0%be%d1%80%d0%b0%d0%bc\/%d0%bf%d0%be%d0%bc%d0%b5%d1%89%d0%b5%d0%bd%d0%b8%d1%8f\/%d0%b7%d0%b0%d0%bb-1-%d0%b7%d0%b0%d0%bb-2\/","title":{"rendered":"\u0425\u043e\u043b\u043b 1 \u0438 \u0425\u043e\u043b\u043b 2"},"content":{"rendered":"\n<figure class=\"wp-block-gallery columns-2 is-cropped wp-block-gallery-1 is-layout-flex wp-block-gallery-is-layout-flex\"><ul class=\"blocks-gallery-grid\"><li class=\"blocks-gallery-item\"><figure><a href=\"http:\/\/tondirabaicehall.ee\/wp-content\/uploads\/2019\/04\/hall-1-1290x858.jpg\"><img loading=\"lazy\" decoding=\"async\" width=\"1290\" height=\"858\" src=\"http:\/\/tondirabaicehall.ee\/wp-content\/uploads\/2019\/04\/hall-1-1290x858.jpg\" alt=\"\" data-id=\"157\" data-link=\"http:\/\/tondirabaicehall.ee\/?attachment_id=157\" class=\"wp-image-157\" srcset=\"https:\/\/tondirabaicehall.ee\/wp-content\/uploads\/2019\/04\/hall-1-1290x858.jpg 1290w, https:\/\/tondirabaicehall.ee\/wp-content\/uploads\/2019\/04\/hall-1-630x419.jpg 630w, https:\/\/tondirabaicehall.ee\/wp-content\/uploads\/2019\/04\/hall-1-1536x1022.jpg 1536w, https:\/\/tondirabaicehall.ee\/wp-content\/uploads\/2019\/04\/hall-1-2048x1363.jpg 2048w, https:\/\/tondirabaicehall.ee\/wp-content\/uploads\/2019\/04\/hall-1-120x80.jpg 120w, https:\/\/tondirabaicehall.ee\/wp-content\/uploads\/2019\/04\/hall-1-768x511.jpg 768w, https:\/\/tondirabaicehall.ee\/wp-content\/uploads\/2019\/04\/hall-1-630x419@2x.jpg 1260w\" sizes=\"auto, (max-width: 1290px) 100vw, 1290px\" \/><\/a><\/figure><\/li><li class=\"blocks-gallery-item\"><figure><a href=\"http:\/\/tondirabaicehall.ee\/wp-content\/uploads\/2019\/04\/hall-2-1290x858.jpg\"><img loading=\"lazy\" decoding=\"async\" width=\"1290\" height=\"858\" src=\"http:\/\/tondirabaicehall.ee\/wp-content\/uploads\/2019\/04\/hall-2-1290x858.jpg\" alt=\"\" data-id=\"159\" data-link=\"http:\/\/tondirabaicehall.ee\/?attachment_id=159\" class=\"wp-image-159\" srcset=\"https:\/\/tondirabaicehall.ee\/wp-content\/uploads\/2019\/04\/hall-2-1290x858.jpg 1290w, https:\/\/tondirabaicehall.ee\/wp-content\/uploads\/2019\/04\/hall-2-630x419.jpg 630w, https:\/\/tondirabaicehall.ee\/wp-content\/uploads\/2019\/04\/hall-2-1536x1022.jpg 1536w, https:\/\/tondirabaicehall.ee\/wp-content\/uploads\/2019\/04\/hall-2-2048x1363.jpg 2048w, https:\/\/tondirabaicehall.ee\/wp-content\/uploads\/2019\/04\/hall-2-120x80.jpg 120w, https:\/\/tondirabaicehall.ee\/wp-content\/uploads\/2019\/04\/hall-2-768x511.jpg 768w, https:\/\/tondirabaicehall.ee\/wp-content\/uploads\/2019\/04\/hall-2-630x419@2x.jpg 1260w\" sizes=\"auto, (max-width: 1290px) 100vw, 1290px\" \/><\/a><\/figure><\/li><\/ul><\/figure>\n\n\n\n<div class=\"wp-block-columns has-2-columns is-layout-flex wp-container-core-columns-is-layout-9d6595d7 wp-block-columns-is-layout-flex\">\n<div class=\"wp-block-column is-layout-flow wp-block-column-is-layout-flow\">\n<h2 class=\"wp-block-heading\">\u0425\u041e\u041b\u041b 1\ufeff<\/h2>\n\n\n\n<p>Hall 1 on m\u00f5\u00f5tudega 28x58m. \u00dcmber halli asub trib\u00fc\u00fcn, mis<strong> mahutab ligi 300 vaatajat<\/strong>. Samuti on Hall 1 toimuvat v\u00f5imalik j\u00e4lgida restoranist. <strong>Hall 1 on statsionaareslt kaetud j\u00e4\u00e4ga.<\/strong> J\u00e4\u00e4l toimuvad treeningud <strong>iluuisutajatele kui ka hokim\u00e4ngijatele<\/strong>. Samuti on v\u00f5imalik tulla uisutamist nautima <strong>tavakasutajal<\/strong>.&nbsp; <\/p>\n\n\n\n<figure class=\"wp-block-gallery columns-2 is-cropped wp-block-gallery-2 is-layout-flex wp-block-gallery-is-layout-flex\"><ul class=\"blocks-gallery-grid\"><li class=\"blocks-gallery-item\"><figure><a href=\"http:\/\/tondirabaicehall.ee\/wp-content\/uploads\/2019\/04\/dsc_2735.jpg\"><img loading=\"lazy\" decoding=\"async\" width=\"800\" height=\"533\" src=\"http:\/\/tondirabaicehall.ee\/wp-content\/uploads\/2019\/04\/dsc_2735.jpg\" alt=\"\" data-id=\"699\" data-link=\"http:\/\/tondirabaicehall.ee\/korraldajale\/hall-1-ja-hall-2\/dsc_2735\/\" class=\"wp-image-699\" srcset=\"https:\/\/tondirabaicehall.ee\/wp-content\/uploads\/2019\/04\/dsc_2735.jpg 800w, https:\/\/tondirabaicehall.ee\/wp-content\/uploads\/2019\/04\/dsc_2735-630x420.jpg 630w, https:\/\/tondirabaicehall.ee\/wp-content\/uploads\/2019\/04\/dsc_2735-120x80.jpg 120w, https:\/\/tondirabaicehall.ee\/wp-content\/uploads\/2019\/04\/dsc_2735-768x512.jpg 768w\" sizes=\"auto, (max-width: 800px) 100vw, 800px\" \/><\/a><\/figure><\/li><li class=\"blocks-gallery-item\"><figure><a href=\"http:\/\/tondirabaicehall.ee\/wp-content\/uploads\/2019\/04\/dsc_2779.jpg\"><img loading=\"lazy\" decoding=\"async\" width=\"800\" height=\"533\" src=\"http:\/\/tondirabaicehall.ee\/wp-content\/uploads\/2019\/04\/dsc_2779.jpg\" alt=\"\" data-id=\"696\" data-link=\"http:\/\/tondirabaicehall.ee\/korraldajale\/hall-1-ja-hall-2\/dsc_2779\/\" class=\"wp-image-696\" srcset=\"https:\/\/tondirabaicehall.ee\/wp-content\/uploads\/2019\/04\/dsc_2779.jpg 800w, https:\/\/tondirabaicehall.ee\/wp-content\/uploads\/2019\/04\/dsc_2779-630x420.jpg 630w, https:\/\/tondirabaicehall.ee\/wp-content\/uploads\/2019\/04\/dsc_2779-120x80.jpg 120w, https:\/\/tondirabaicehall.ee\/wp-content\/uploads\/2019\/04\/dsc_2779-768x512.jpg 768w\" sizes=\"auto, (max-width: 800px) 100vw, 800px\" \/><\/a><\/figure><\/li><li class=\"blocks-gallery-item\"><figure><a href=\"http:\/\/tondirabaicehall.ee\/wp-content\/uploads\/2019\/04\/dsc_2746.jpg\"><img loading=\"lazy\" decoding=\"async\" width=\"800\" height=\"533\" src=\"http:\/\/tondirabaicehall.ee\/wp-content\/uploads\/2019\/04\/dsc_2746.jpg\" alt=\"\" data-id=\"693\" data-link=\"http:\/\/tondirabaicehall.ee\/korraldajale\/hall-1-ja-hall-2\/dsc_2746\/\" class=\"wp-image-693\" srcset=\"https:\/\/tondirabaicehall.ee\/wp-content\/uploads\/2019\/04\/dsc_2746.jpg 800w, https:\/\/tondirabaicehall.ee\/wp-content\/uploads\/2019\/04\/dsc_2746-630x420.jpg 630w, https:\/\/tondirabaicehall.ee\/wp-content\/uploads\/2019\/04\/dsc_2746-120x80.jpg 120w, https:\/\/tondirabaicehall.ee\/wp-content\/uploads\/2019\/04\/dsc_2746-768x512.jpg 768w\" sizes=\"auto, (max-width: 800px) 100vw, 800px\" \/><\/a><\/figure><\/li><li class=\"blocks-gallery-item\"><figure><a href=\"http:\/\/tondirabaicehall.ee\/wp-content\/uploads\/2019\/04\/dsc_2738.jpg\"><img loading=\"lazy\" decoding=\"async\" width=\"800\" height=\"533\" src=\"http:\/\/tondirabaicehall.ee\/wp-content\/uploads\/2019\/04\/dsc_2738.jpg\" alt=\"\" data-id=\"690\" data-link=\"http:\/\/tondirabaicehall.ee\/korraldajale\/hall-1-ja-hall-2\/dsc_2738\/\" class=\"wp-image-690\" srcset=\"https:\/\/tondirabaicehall.ee\/wp-content\/uploads\/2019\/04\/dsc_2738.jpg 800w, https:\/\/tondirabaicehall.ee\/wp-content\/uploads\/2019\/04\/dsc_2738-630x420.jpg 630w, https:\/\/tondirabaicehall.ee\/wp-content\/uploads\/2019\/04\/dsc_2738-120x80.jpg 120w, https:\/\/tondirabaicehall.ee\/wp-content\/uploads\/2019\/04\/dsc_2738-768x512.jpg 768w\" sizes=\"auto, (max-width: 800px) 100vw, 800px\" \/><\/a><\/figure><\/li><\/ul><\/figure>\n<\/div>\n\n\n\n<div class=\"wp-block-column is-layout-flow wp-block-column-is-layout-flow\">\n<h2 class=\"wp-block-heading\">\u0425\u043e\u043b\u043b 2 &#8212; \u0442\u0440\u0435\u043d\u0438\u0440\u043e\u0432\u043e\u0447\u043d\u0430\u044f \u043f\u043b\u043e\u0449\u0430\u0434\u043a\u0430 \u0438\u043c\u0435\u043d\u0438 \u0410\u043d\u0442\u0441\u0430 \u0410\u043d\u0442\u0441\u043e\u043d\u0430 <\/h2>\n\n\n\n<p>Hall 2 on m\u00f5\u00f5tudega 30x60m. Halli vasakus servas, asub trib\u00fc\u00fcn, mis <strong>mahutab ligi 100 vaatajat<\/strong>.&nbsp;<strong>Hall 2 on statsionaareslt kaetud j\u00e4\u00e4ga<\/strong>. J\u00e4\u00e4l toimuvad treeningud <strong>iluuisutajatele kui ka hokim\u00e4ngijatele<\/strong>. Samuti on v\u00f5imalik tulla uisutamist nautima <strong>tavakasutajal<\/strong>.&nbsp; <\/p>\n\n\n\n<figure class=\"wp-block-gallery columns-2 is-cropped wp-block-gallery-3 is-layout-flex wp-block-gallery-is-layout-flex\"><ul class=\"blocks-gallery-grid\"><li class=\"blocks-gallery-item\"><figure><a href=\"http:\/\/tondirabaicehall.ee\/wp-content\/uploads\/2019\/04\/dsc_2725.jpg\"><img loading=\"lazy\" decoding=\"async\" width=\"800\" height=\"533\" src=\"http:\/\/tondirabaicehall.ee\/wp-content\/uploads\/2019\/04\/dsc_2725.jpg\" alt=\"\" data-id=\"794\" data-link=\"http:\/\/tondirabaicehall.ee\/dsc_2725\/\" class=\"wp-image-794\" srcset=\"https:\/\/tondirabaicehall.ee\/wp-content\/uploads\/2019\/04\/dsc_2725.jpg 800w, https:\/\/tondirabaicehall.ee\/wp-content\/uploads\/2019\/04\/dsc_2725-630x420.jpg 630w, https:\/\/tondirabaicehall.ee\/wp-content\/uploads\/2019\/04\/dsc_2725-120x80.jpg 120w, https:\/\/tondirabaicehall.ee\/wp-content\/uploads\/2019\/04\/dsc_2725-768x512.jpg 768w\" sizes=\"auto, (max-width: 800px) 100vw, 800px\" \/><\/a><\/figure><\/li><li class=\"blocks-gallery-item\"><figure><a href=\"http:\/\/tondirabaicehall.ee\/wp-content\/uploads\/2019\/04\/dsc_2777.jpg\"><img loading=\"lazy\" decoding=\"async\" width=\"800\" height=\"533\" src=\"http:\/\/tondirabaicehall.ee\/wp-content\/uploads\/2019\/04\/dsc_2777.jpg\" alt=\"\" data-id=\"791\" data-link=\"http:\/\/tondirabaicehall.ee\/dsc_2777\/\" class=\"wp-image-791\" srcset=\"https:\/\/tondirabaicehall.ee\/wp-content\/uploads\/2019\/04\/dsc_2777.jpg 800w, https:\/\/tondirabaicehall.ee\/wp-content\/uploads\/2019\/04\/dsc_2777-630x420.jpg 630w, https:\/\/tondirabaicehall.ee\/wp-content\/uploads\/2019\/04\/dsc_2777-120x80.jpg 120w, https:\/\/tondirabaicehall.ee\/wp-content\/uploads\/2019\/04\/dsc_2777-768x512.jpg 768w\" sizes=\"auto, (max-width: 800px) 100vw, 800px\" \/><\/a><\/figure><\/li><li class=\"blocks-gallery-item\"><figure><a href=\"http:\/\/tondirabaicehall.ee\/wp-content\/uploads\/2019\/04\/dsc_2771.jpg\"><img loading=\"lazy\" decoding=\"async\" width=\"800\" height=\"533\" src=\"http:\/\/tondirabaicehall.ee\/wp-content\/uploads\/2019\/04\/dsc_2771.jpg\" alt=\"\" data-id=\"788\" data-link=\"http:\/\/tondirabaicehall.ee\/dsc_2771\/\" class=\"wp-image-788\" srcset=\"https:\/\/tondirabaicehall.ee\/wp-content\/uploads\/2019\/04\/dsc_2771.jpg 800w, https:\/\/tondirabaicehall.ee\/wp-content\/uploads\/2019\/04\/dsc_2771-630x420.jpg 630w, https:\/\/tondirabaicehall.ee\/wp-content\/uploads\/2019\/04\/dsc_2771-120x80.jpg 120w, https:\/\/tondirabaicehall.ee\/wp-content\/uploads\/2019\/04\/dsc_2771-768x512.jpg 768w\" sizes=\"auto, (max-width: 800px) 100vw, 800px\" \/><\/a><\/figure><\/li><li class=\"blocks-gallery-item\"><figure><a href=\"http:\/\/tondirabaicehall.ee\/wp-content\/uploads\/2019\/04\/dsc_2733.jpg\"><img loading=\"lazy\" decoding=\"async\" width=\"800\" height=\"533\" src=\"http:\/\/tondirabaicehall.ee\/wp-content\/uploads\/2019\/04\/dsc_2733.jpg\" alt=\"\" data-id=\"785\" data-link=\"http:\/\/tondirabaicehall.ee\/dsc_2733\/\" class=\"wp-image-785\" srcset=\"https:\/\/tondirabaicehall.ee\/wp-content\/uploads\/2019\/04\/dsc_2733.jpg 800w, https:\/\/tondirabaicehall.ee\/wp-content\/uploads\/2019\/04\/dsc_2733-630x420.jpg 630w, https:\/\/tondirabaicehall.ee\/wp-content\/uploads\/2019\/04\/dsc_2733-120x80.jpg 120w, https:\/\/tondirabaicehall.ee\/wp-content\/uploads\/2019\/04\/dsc_2733-768x512.jpg 768w\" sizes=\"auto, (max-width: 800px) 100vw, 800px\" \/><\/a><\/figure><\/li><\/ul><\/figure>\n<\/div>\n<\/div>\n\n\n\n<p><strong>Loe lisa:<\/strong><br><a rel=\"noreferrer noopener\" aria-label=\"Vaba j\u00e4\u00e4 ja treeningud (opens in a new tab)\" href=\"http:\/\/tondirabaicehall.ee\/vabajaa-ja-treeningud\/\" target=\"_blank\">Vaba j\u00e4\u00e4 ja treeningud<\/a><br><a href=\"http:\/\/tondirabaicehall.ee\/korraldajale\/uldine\/hinnakiri\/\" target=\"_blank\" rel=\"noreferrer noopener\" aria-label=\"Hinnakiri (opens in a new tab)\">Hinnakiri<\/a><\/p>\n","protected":false},"excerpt":{"rendered":"<p>\u0425\u041e\u041b\u041b 1\ufeff Hall 1 on m\u00f5\u00f5tudega 28x58m. \u00dcmber halli asub trib\u00fc\u00fcn, mis mahutab ligi 300 vaatajat. Samuti on Hall 1&#8230;<\/p>\n","protected":false},"author":1,"featured_media":0,"parent":2665,"menu_order":30,"comment_status":"closed","ping_status":"closed","template":"","meta":{"_acf_changed":false,"inline_featured_image":false,"footnotes":"","_links_to":"","_links_to_target":""},"class_list":["post-2659","page","type-page","status-publish","hentry"],"acf":[],"_links":{"self":[{"href":"https:\/\/tondirabaicehall.ee\/ru\/wp-json\/wp\/v2\/pages\/2659","targetHints":{"allow":["GET"]}}],"collection":[{"href":"https:\/\/tondirabaicehall.ee\/ru\/wp-json\/wp\/v2\/pages"}],"about":[{"href":"https:\/\/tondirabaicehall.ee\/ru\/wp-json\/wp\/v2\/types\/page"}],"author":[{"embeddable":true,"href":"https:\/\/tondirabaicehall.ee\/ru\/wp-json\/wp\/v2\/users\/1"}],"replies":[{"embeddable":true,"href":"https:\/\/tondirabaicehall.ee\/ru\/wp-json\/wp\/v2\/comments?post=2659"}],"version-history":[{"count":0,"href":"https:\/\/tondirabaicehall.ee\/ru\/wp-json\/wp\/v2\/pages\/2659\/revisions"}],"up":[{"embeddable":true,"href":"https:\/\/tondirabaicehall.ee\/ru\/wp-json\/wp\/v2\/pages\/2665"}],"wp:attachment":[{"href":"https:\/\/tondirabaicehall.ee\/ru\/wp-json\/wp\/v2\/media?parent=2659"}],"curies":[{"name":"wp","href":"https:\/\/api.w.org\/{rel}","templated":true}]}}