{"id":59908,"date":"2019-10-31T11:00:12","date_gmt":"2019-10-31T09:00:12","guid":{"rendered":"http:\/\/tondirabaicehall.ee\/kulastajale\/perepileti-soodushind-kehtiv-nuud-ka-perekaarti-omavatele-peredele\/"},"modified":"2019-10-31T11:00:12","modified_gmt":"2019-10-31T09:00:12","slug":"perepileti-soodushind-kehtiv-nuud-ka-perekaarti-omavatele-peredele","status":"publish","type":"page","link":"https:\/\/tondirabaicehall.ee\/en\/kulastajale\/perepileti-soodushind-kehtiv-nuud-ka-perekaarti-omavatele-peredele\/","title":{"rendered":"Perepileti soodushind kehtiv n\u00fc\u00fcd ka Perekaarti omavatele peredele"},"content":{"rendered":"\n<p><strong>Alates 29. oktoobrist v\u00f5imaldatakse Tondiraba Spordikeskuses Eesti Lasterikaste Perede Liidu Perekaarti omavatele peredele sissep\u00e4\u00e4s perepileti hinnaga. Soodustus laieneb Perekaarti omavatele peredele s\u00f5ltumata laste arvust samadel tingimustel ja aegadel nagu need kehtivad perepileti puhul. <br> Soodustuse saamiseks tuleb pileti ostmisel n\u00e4idata soodus\u00f5igust t\u00f5endavat Perekaarti.<\/strong><\/p>\n\n\n\n<figure class=\"wp-block-image\"><img loading=\"lazy\" decoding=\"async\" width=\"850\" height=\"570\" src=\"http:\/\/tondirabaicehall.ee\/wp-content\/uploads\/2019\/10\/uudis-perekaart.jpg\" alt=\"\" class=\"wp-image-3565\" srcset=\"https:\/\/tondirabaicehall.ee\/wp-content\/uploads\/2019\/10\/uudis-perekaart.jpg 850w, https:\/\/tondirabaicehall.ee\/wp-content\/uploads\/2019\/10\/uudis-perekaart-630x422.jpg 630w, https:\/\/tondirabaicehall.ee\/wp-content\/uploads\/2019\/10\/uudis-perekaart-119x80.jpg 119w, https:\/\/tondirabaicehall.ee\/wp-content\/uploads\/2019\/10\/uudis-perekaart-768x515.jpg 768w\" sizes=\"auto, (max-width: 850px) 100vw, 850px\" \/><\/figure>\n\n\n\n<h2 class=\"wp-block-heading\">Lisainfo<\/h2>\n\n\n\n<p>Tallinna linna ja Eesti Lasterikaste Perede Liidu vahel s\u00f5lmitud heade kavatsuste kokkuleppe kohaselt saavad lasterikkad pered v\u00f5imaluse Perekaardi olemasolul k\u00fclastada lisaks N\u00f5mme Ujulale veel ka \u00d5ism\u00e4e ja S\u00f5le Spordikeskuse ja Inglise Kolled\u017ei ujulat, lisaks Tondiraba J\u00e4\u00e4halli ja N\u00f5mme Spordikeskust.<\/p>\n\n\n\n<p> ELPL Perekaardiga on lasterikkal perel v\u00f5imalik osa saada erinevatest teenustest ja toodetest parematel tingimustel. Perekaart pakub peredele soodsamaid hindu, kampaaniapakkumisi ja teisi lisav\u00e4\u00e4rtusi. Perekaardi s\u00f5prade peresse kuulub enam kui 400 partnerit ligi 500 erineva teenusega. Perekaarti saavad taotleda k\u00f5ik pered, kus on kasvamas kolm v\u00f5i enam last. Kaardi kohta l\u00e4hemalt leiab infot <a href=\"https:\/\/www.perekaart.ee\/\">www.perekaart.ee<\/a><\/p>\n","protected":false},"excerpt":{"rendered":"<p>Alates 29. oktoobrist v\u00f5imaldatakse Tondiraba Spordikeskuses Eesti Lasterikaste Perede Liidu Perekaarti omavatele peredele sissep\u00e4\u00e4s perepileti hinnaga. Soodustus laieneb Perekaarti omavatele&#8230;<\/p>\n","protected":false},"author":1,"featured_media":3566,"parent":2707,"menu_order":200,"comment_status":"closed","ping_status":"closed","template":"","meta":{"_acf_changed":false,"inline_featured_image":false,"footnotes":"","_links_to":"","_links_to_target":""},"class_list":["post-59908","page","type-page","status-publish","has-post-thumbnail","hentry"],"acf":[],"_links":{"self":[{"href":"https:\/\/tondirabaicehall.ee\/en\/wp-json\/wp\/v2\/pages\/59908","targetHints":{"allow":["GET"]}}],"collection":[{"href":"https:\/\/tondirabaicehall.ee\/en\/wp-json\/wp\/v2\/pages"}],"about":[{"href":"https:\/\/tondirabaicehall.ee\/en\/wp-json\/wp\/v2\/types\/page"}],"author":[{"embeddable":true,"href":"https:\/\/tondirabaicehall.ee\/en\/wp-json\/wp\/v2\/users\/1"}],"replies":[{"embeddable":true,"href":"https:\/\/tondirabaicehall.ee\/en\/wp-json\/wp\/v2\/comments?post=59908"}],"version-history":[{"count":0,"href":"https:\/\/tondirabaicehall.ee\/en\/wp-json\/wp\/v2\/pages\/59908\/revisions"}],"up":[{"embeddable":true,"href":"https:\/\/tondirabaicehall.ee\/en\/wp-json\/wp\/v2\/pages\/2707"}],"wp:featuredmedia":[{"embeddable":true,"href":"https:\/\/tondirabaicehall.ee\/en\/wp-json\/wp\/v2\/media\/3566"}],"wp:attachment":[{"href":"https:\/\/tondirabaicehall.ee\/en\/wp-json\/wp\/v2\/media?parent=59908"}],"curies":[{"name":"wp","href":"https:\/\/api.w.org\/{rel}","templated":true}]}}