{"id":2658,"date":"2019-04-05T13:32:20","date_gmt":"2019-04-05T10:32:20","guid":{"rendered":"http:\/\/tondirabaicehall.ee\/hall-1-ja-hall\/"},"modified":"2020-02-17T15:05:15","modified_gmt":"2020-02-17T13:05:15","slug":"hall-1-ja-hall","status":"publish","type":"page","link":"https:\/\/tondirabaicehall.ee\/en\/korraldajale\/ruumid\/hall-1-ja-hall\/","title":{"rendered":"Hall 1 and Hall 2"},"content":{"rendered":"\n<ul class=\"wp-block-gallery columns-2 is-cropped wp-block-gallery-1 is-layout-flex wp-block-gallery-is-layout-flex\"><li class=\"blocks-gallery-item\"><figure><a href=\"http:\/\/tondirabaicehall.ee\/wp-content\/uploads\/2019\/04\/hall-1-1290x858.jpg\"><img loading=\"lazy\" decoding=\"async\" width=\"1290\" height=\"858\" src=\"http:\/\/tondirabaicehall.ee\/wp-content\/uploads\/2019\/04\/hall-1-1290x858.jpg\" alt=\"\" data-id=\"157\" data-link=\"http:\/\/tondirabaicehall.ee\/?attachment_id=157\" class=\"wp-image-157\" srcset=\"https:\/\/tondirabaicehall.ee\/wp-content\/uploads\/2019\/04\/hall-1-1290x858.jpg 1290w, https:\/\/tondirabaicehall.ee\/wp-content\/uploads\/2019\/04\/hall-1-630x419.jpg 630w, https:\/\/tondirabaicehall.ee\/wp-content\/uploads\/2019\/04\/hall-1-1536x1022.jpg 1536w, https:\/\/tondirabaicehall.ee\/wp-content\/uploads\/2019\/04\/hall-1-2048x1363.jpg 2048w, https:\/\/tondirabaicehall.ee\/wp-content\/uploads\/2019\/04\/hall-1-120x80.jpg 120w, https:\/\/tondirabaicehall.ee\/wp-content\/uploads\/2019\/04\/hall-1-768x511.jpg 768w, https:\/\/tondirabaicehall.ee\/wp-content\/uploads\/2019\/04\/hall-1-630x419@2x.jpg 1260w\" sizes=\"auto, (max-width: 1290px) 100vw, 1290px\" \/><\/a><\/figure><\/li><li class=\"blocks-gallery-item\"><figure><a href=\"http:\/\/tondirabaicehall.ee\/wp-content\/uploads\/2019\/04\/hall-2-1290x858.jpg\"><img loading=\"lazy\" decoding=\"async\" width=\"1290\" height=\"858\" src=\"http:\/\/tondirabaicehall.ee\/wp-content\/uploads\/2019\/04\/hall-2-1290x858.jpg\" alt=\"\" data-id=\"159\" data-link=\"http:\/\/tondirabaicehall.ee\/?attachment_id=159\" class=\"wp-image-159\" srcset=\"https:\/\/tondirabaicehall.ee\/wp-content\/uploads\/2019\/04\/hall-2-1290x858.jpg 1290w, https:\/\/tondirabaicehall.ee\/wp-content\/uploads\/2019\/04\/hall-2-630x419.jpg 630w, https:\/\/tondirabaicehall.ee\/wp-content\/uploads\/2019\/04\/hall-2-1536x1022.jpg 1536w, https:\/\/tondirabaicehall.ee\/wp-content\/uploads\/2019\/04\/hall-2-2048x1363.jpg 2048w, https:\/\/tondirabaicehall.ee\/wp-content\/uploads\/2019\/04\/hall-2-120x80.jpg 120w, https:\/\/tondirabaicehall.ee\/wp-content\/uploads\/2019\/04\/hall-2-768x511.jpg 768w, https:\/\/tondirabaicehall.ee\/wp-content\/uploads\/2019\/04\/hall-2-630x419@2x.jpg 1260w\" sizes=\"auto, (max-width: 1290px) 100vw, 1290px\" \/><\/a><\/figure><\/li><\/ul>\n<div class=\"wp-block-columns has-2-columns is-layout-flex wp-container-core-columns-is-layout-9d6595d7 wp-block-columns-is-layout-flex\">\n<div class=\"wp-block-column is-layout-flow wp-block-column-is-layout-flow\">\n<h2 class=\"wp-block-heading\"><\/h2>\n\n\n\n<p>Hall 1 on m\u00f5\u00f5tudega 28x58m. \u00dcmber halli asub trib\u00fc\u00fcn, mis<strong> mahutab ligi 300 vaatajat<\/strong>. Samuti on Hall 1 toimuvat v\u00f5imalik j\u00e4lgida restoranist. <strong>Hall 1 on statsionaareslt kaetud j\u00e4\u00e4ga.<\/strong> J\u00e4\u00e4l toimuvad treeningud <strong>iluuisutajatele kui ka hokim\u00e4ngijatele<\/strong>. Samuti on v\u00f5imalik tulla uisutamist nautima <strong>tavakasutajal<\/strong>.\u00a0 <\/p>\n\n\n\n<ul class=\"wp-block-gallery columns-2 is-cropped wp-block-gallery-2 is-layout-flex wp-block-gallery-is-layout-flex\"><li class=\"blocks-gallery-item\"><figure><a href=\"http:\/\/tondirabaicehall.ee\/wp-content\/uploads\/2019\/04\/dsc_2735.jpg\"><img loading=\"lazy\" decoding=\"async\" width=\"800\" height=\"533\" src=\"http:\/\/tondirabaicehall.ee\/wp-content\/uploads\/2019\/04\/dsc_2735.jpg\" alt=\"\" data-id=\"699\" data-link=\"http:\/\/tondirabaicehall.ee\/korraldajale\/hall-1-ja-hall-2\/dsc_2735\/\" class=\"wp-image-699\" srcset=\"https:\/\/tondirabaicehall.ee\/wp-content\/uploads\/2019\/04\/dsc_2735.jpg 800w, https:\/\/tondirabaicehall.ee\/wp-content\/uploads\/2019\/04\/dsc_2735-630x420.jpg 630w, https:\/\/tondirabaicehall.ee\/wp-content\/uploads\/2019\/04\/dsc_2735-120x80.jpg 120w, https:\/\/tondirabaicehall.ee\/wp-content\/uploads\/2019\/04\/dsc_2735-768x512.jpg 768w\" sizes=\"auto, (max-width: 800px) 100vw, 800px\" \/><\/a><\/figure><\/li><li class=\"blocks-gallery-item\"><figure><a href=\"http:\/\/tondirabaicehall.ee\/wp-content\/uploads\/2019\/04\/dsc_2779.jpg\"><img loading=\"lazy\" decoding=\"async\" width=\"800\" height=\"533\" src=\"http:\/\/tondirabaicehall.ee\/wp-content\/uploads\/2019\/04\/dsc_2779.jpg\" alt=\"\" data-id=\"696\" data-link=\"http:\/\/tondirabaicehall.ee\/korraldajale\/hall-1-ja-hall-2\/dsc_2779\/\" class=\"wp-image-696\" srcset=\"https:\/\/tondirabaicehall.ee\/wp-content\/uploads\/2019\/04\/dsc_2779.jpg 800w, https:\/\/tondirabaicehall.ee\/wp-content\/uploads\/2019\/04\/dsc_2779-630x420.jpg 630w, https:\/\/tondirabaicehall.ee\/wp-content\/uploads\/2019\/04\/dsc_2779-120x80.jpg 120w, https:\/\/tondirabaicehall.ee\/wp-content\/uploads\/2019\/04\/dsc_2779-768x512.jpg 768w\" sizes=\"auto, (max-width: 800px) 100vw, 800px\" \/><\/a><\/figure><\/li><li class=\"blocks-gallery-item\"><figure><a href=\"http:\/\/tondirabaicehall.ee\/wp-content\/uploads\/2019\/04\/dsc_2746.jpg\"><img loading=\"lazy\" decoding=\"async\" width=\"800\" height=\"533\" src=\"http:\/\/tondirabaicehall.ee\/wp-content\/uploads\/2019\/04\/dsc_2746.jpg\" alt=\"\" data-id=\"693\" data-link=\"http:\/\/tondirabaicehall.ee\/korraldajale\/hall-1-ja-hall-2\/dsc_2746\/\" class=\"wp-image-693\" srcset=\"https:\/\/tondirabaicehall.ee\/wp-content\/uploads\/2019\/04\/dsc_2746.jpg 800w, https:\/\/tondirabaicehall.ee\/wp-content\/uploads\/2019\/04\/dsc_2746-630x420.jpg 630w, https:\/\/tondirabaicehall.ee\/wp-content\/uploads\/2019\/04\/dsc_2746-120x80.jpg 120w, https:\/\/tondirabaicehall.ee\/wp-content\/uploads\/2019\/04\/dsc_2746-768x512.jpg 768w\" sizes=\"auto, (max-width: 800px) 100vw, 800px\" \/><\/a><\/figure><\/li><li class=\"blocks-gallery-item\"><figure><a href=\"http:\/\/tondirabaicehall.ee\/wp-content\/uploads\/2019\/04\/dsc_2738.jpg\"><img loading=\"lazy\" decoding=\"async\" width=\"800\" height=\"533\" src=\"http:\/\/tondirabaicehall.ee\/wp-content\/uploads\/2019\/04\/dsc_2738.jpg\" alt=\"\" data-id=\"690\" data-link=\"http:\/\/tondirabaicehall.ee\/korraldajale\/hall-1-ja-hall-2\/dsc_2738\/\" class=\"wp-image-690\" srcset=\"https:\/\/tondirabaicehall.ee\/wp-content\/uploads\/2019\/04\/dsc_2738.jpg 800w, https:\/\/tondirabaicehall.ee\/wp-content\/uploads\/2019\/04\/dsc_2738-630x420.jpg 630w, https:\/\/tondirabaicehall.ee\/wp-content\/uploads\/2019\/04\/dsc_2738-120x80.jpg 120w, https:\/\/tondirabaicehall.ee\/wp-content\/uploads\/2019\/04\/dsc_2738-768x512.jpg 768w\" sizes=\"auto, (max-width: 800px) 100vw, 800px\" \/><\/a><\/figure><\/li><\/ul><\/div>\n\n\n\n<div class=\"wp-block-column is-layout-flow wp-block-column-is-layout-flow\">\n<h2 class=\"wp-block-heading\"> Hall 2 &#8211; Ants Antsoni nim.treeningv\u00e4ljak <\/h2>\n\n\n\n<p>Hall 2 on m\u00f5\u00f5tudega 30x60m. Halli vasakus servas, asub trib\u00fc\u00fcn, mis <strong>mahutab ligi 100 vaatajat<\/strong>.\u00a0<strong>Hall 2 on statsionaareslt kaetud j\u00e4\u00e4ga<\/strong>. J\u00e4\u00e4l toimuvad treeningud <strong>iluuisutajatele kui ka hokim\u00e4ngijatele<\/strong>. Samuti on v\u00f5imalik tulla uisutamist nautima <strong>tavakasutajal<\/strong>.\u00a0 <\/p>\n\n\n\n<ul class=\"wp-block-gallery columns-2 is-cropped wp-block-gallery-3 is-layout-flex wp-block-gallery-is-layout-flex\"><li class=\"blocks-gallery-item\"><figure><a href=\"http:\/\/tondirabaicehall.ee\/wp-content\/uploads\/2019\/04\/dsc_2725.jpg\"><img loading=\"lazy\" decoding=\"async\" width=\"800\" height=\"533\" src=\"http:\/\/tondirabaicehall.ee\/wp-content\/uploads\/2019\/04\/dsc_2725.jpg\" alt=\"\" data-id=\"794\" data-link=\"http:\/\/tondirabaicehall.ee\/dsc_2725\/\" class=\"wp-image-794\" srcset=\"https:\/\/tondirabaicehall.ee\/wp-content\/uploads\/2019\/04\/dsc_2725.jpg 800w, https:\/\/tondirabaicehall.ee\/wp-content\/uploads\/2019\/04\/dsc_2725-630x420.jpg 630w, https:\/\/tondirabaicehall.ee\/wp-content\/uploads\/2019\/04\/dsc_2725-120x80.jpg 120w, https:\/\/tondirabaicehall.ee\/wp-content\/uploads\/2019\/04\/dsc_2725-768x512.jpg 768w\" sizes=\"auto, (max-width: 800px) 100vw, 800px\" \/><\/a><\/figure><\/li><li class=\"blocks-gallery-item\"><figure><a href=\"http:\/\/tondirabaicehall.ee\/wp-content\/uploads\/2019\/04\/dsc_2777.jpg\"><img loading=\"lazy\" decoding=\"async\" width=\"800\" height=\"533\" src=\"http:\/\/tondirabaicehall.ee\/wp-content\/uploads\/2019\/04\/dsc_2777.jpg\" alt=\"\" data-id=\"791\" data-link=\"http:\/\/tondirabaicehall.ee\/dsc_2777\/\" class=\"wp-image-791\" srcset=\"https:\/\/tondirabaicehall.ee\/wp-content\/uploads\/2019\/04\/dsc_2777.jpg 800w, https:\/\/tondirabaicehall.ee\/wp-content\/uploads\/2019\/04\/dsc_2777-630x420.jpg 630w, https:\/\/tondirabaicehall.ee\/wp-content\/uploads\/2019\/04\/dsc_2777-120x80.jpg 120w, https:\/\/tondirabaicehall.ee\/wp-content\/uploads\/2019\/04\/dsc_2777-768x512.jpg 768w\" sizes=\"auto, (max-width: 800px) 100vw, 800px\" \/><\/a><\/figure><\/li><li class=\"blocks-gallery-item\"><figure><a href=\"http:\/\/tondirabaicehall.ee\/wp-content\/uploads\/2019\/04\/dsc_2771.jpg\"><img loading=\"lazy\" decoding=\"async\" width=\"800\" height=\"533\" src=\"http:\/\/tondirabaicehall.ee\/wp-content\/uploads\/2019\/04\/dsc_2771.jpg\" alt=\"\" data-id=\"788\" data-link=\"http:\/\/tondirabaicehall.ee\/dsc_2771\/\" class=\"wp-image-788\" srcset=\"https:\/\/tondirabaicehall.ee\/wp-content\/uploads\/2019\/04\/dsc_2771.jpg 800w, https:\/\/tondirabaicehall.ee\/wp-content\/uploads\/2019\/04\/dsc_2771-630x420.jpg 630w, https:\/\/tondirabaicehall.ee\/wp-content\/uploads\/2019\/04\/dsc_2771-120x80.jpg 120w, https:\/\/tondirabaicehall.ee\/wp-content\/uploads\/2019\/04\/dsc_2771-768x512.jpg 768w\" sizes=\"auto, (max-width: 800px) 100vw, 800px\" \/><\/a><\/figure><\/li><li class=\"blocks-gallery-item\"><figure><a href=\"http:\/\/tondirabaicehall.ee\/wp-content\/uploads\/2019\/04\/dsc_2733.jpg\"><img loading=\"lazy\" decoding=\"async\" width=\"800\" height=\"533\" src=\"http:\/\/tondirabaicehall.ee\/wp-content\/uploads\/2019\/04\/dsc_2733.jpg\" alt=\"\" data-id=\"785\" data-link=\"http:\/\/tondirabaicehall.ee\/dsc_2733\/\" class=\"wp-image-785\" srcset=\"https:\/\/tondirabaicehall.ee\/wp-content\/uploads\/2019\/04\/dsc_2733.jpg 800w, https:\/\/tondirabaicehall.ee\/wp-content\/uploads\/2019\/04\/dsc_2733-630x420.jpg 630w, https:\/\/tondirabaicehall.ee\/wp-content\/uploads\/2019\/04\/dsc_2733-120x80.jpg 120w, https:\/\/tondirabaicehall.ee\/wp-content\/uploads\/2019\/04\/dsc_2733-768x512.jpg 768w\" sizes=\"auto, (max-width: 800px) 100vw, 800px\" \/><\/a><\/figure><\/li><\/ul><\/div>\n<\/div>\n\n<p><strong>Loe lisa:<\/strong><br\/><a rel=\"noreferrer noopener\" aria-label=\"Vaba j&#xE4;&#xE4; ja treeningud (opens in a new tab)\" href=\"http:\/\/tondirabaicehall.ee\/vabajaa-ja-treeningud\/\" target=\"_blank\">Vaba j\u00e4\u00e4 ja treeningud<\/a><br\/><a href=\"http:\/\/tondirabaicehall.ee\/korraldajale\/uldine\/hinnakiri\/\" target=\"_blank\" rel=\"noreferrer noopener\" aria-label=\"Hinnakiri (opens in a new tab)\">Hinnakiri<\/a><\/p>\n","protected":false},"excerpt":{"rendered":"<p>Hall 1 on m\u00f5\u00f5tudega 28x58m. \u00dcmber halli asub trib\u00fc\u00fcn, mis mahutab ligi 300 vaatajat. Samuti on Hall 1 toimuvat v\u00f5imalik&#8230;<\/p>\n","protected":false},"author":1,"featured_media":0,"parent":2664,"menu_order":30,"comment_status":"closed","ping_status":"closed","template":"","meta":{"_acf_changed":false,"inline_featured_image":false,"footnotes":"","_links_to":"","_links_to_target":""},"class_list":["post-2658","page","type-page","status-publish","hentry"],"acf":[],"_links":{"self":[{"href":"https:\/\/tondirabaicehall.ee\/en\/wp-json\/wp\/v2\/pages\/2658","targetHints":{"allow":["GET"]}}],"collection":[{"href":"https:\/\/tondirabaicehall.ee\/en\/wp-json\/wp\/v2\/pages"}],"about":[{"href":"https:\/\/tondirabaicehall.ee\/en\/wp-json\/wp\/v2\/types\/page"}],"author":[{"embeddable":true,"href":"https:\/\/tondirabaicehall.ee\/en\/wp-json\/wp\/v2\/users\/1"}],"replies":[{"embeddable":true,"href":"https:\/\/tondirabaicehall.ee\/en\/wp-json\/wp\/v2\/comments?post=2658"}],"version-history":[{"count":0,"href":"https:\/\/tondirabaicehall.ee\/en\/wp-json\/wp\/v2\/pages\/2658\/revisions"}],"up":[{"embeddable":true,"href":"https:\/\/tondirabaicehall.ee\/en\/wp-json\/wp\/v2\/pages\/2664"}],"wp:attachment":[{"href":"https:\/\/tondirabaicehall.ee\/en\/wp-json\/wp\/v2\/media?parent=2658"}],"curies":[{"name":"wp","href":"https:\/\/api.w.org\/{rel}","templated":true}]}}